{"id":1717,"date":"2021-05-10T10:16:32","date_gmt":"2021-05-10T10:16:32","guid":{"rendered":"http:\/\/www.nicdarkthemes.com\/themes\/seafood\/wp\/demo\/restaurant\/?page_id=1717"},"modified":"2024-03-04T11:14:57","modified_gmt":"2024-03-04T11:14:57","slug":"o-nama","status":"publish","type":"page","link":"https:\/\/hotelmrpresident.com\/en\/o-nama\/","title":{"rendered":"About us"},"content":{"rendered":"<div data-elementor-type=\"wp-page\" data-elementor-id=\"1717\" class=\"elementor elementor-1717\">\n\t\t\t\t\t\t<section class=\"elementor-section elementor-top-section elementor-element elementor-element-1dfa4ab5 elementor-section-stretched elementor-section-content-middle elementor-section-boxed elementor-section-height-default elementor-section-height-default\" data-id=\"1dfa4ab5\" data-element_type=\"section\" data-settings=\"{&quot;stretch_section&quot;:&quot;section-stretched&quot;,&quot;background_background&quot;:&quot;classic&quot;}\">\n\t\t\t\t\t\t\t<div class=\"elementor-background-overlay\"><\/div>\n\t\t\t\t\t\t\t<div class=\"elementor-container elementor-column-gap-default\">\n\t\t\t\t\t<div class=\"elementor-column elementor-col-100 elementor-top-column elementor-element elementor-element-7032b28c\" data-id=\"7032b28c\" data-element_type=\"column\">\n\t\t\t<div class=\"elementor-widget-wrap elementor-element-populated\">\n\t\t\t\t\t\t<div class=\"elementor-element elementor-element-26e6e74 elementor-widget elementor-widget-heading\" data-id=\"26e6e74\" data-element_type=\"widget\" data-widget_type=\"heading.default\">\n\t\t\t\t<div class=\"elementor-widget-container\">\n\t\t\t\t\t<h1 class=\"elementor-heading-title elementor-size-default\">About us<\/h1>\t\t\t\t<\/div>\n\t\t\t\t<\/div>\n\t\t\t\t\t<\/div>\n\t\t<\/div>\n\t\t\t\t\t<\/div>\n\t\t<\/section>\n\t\t\t\t<section class=\"elementor-section elementor-top-section elementor-element elementor-element-63c0f077 elementor-section-stretched elementor-section-content-top elementor-reverse-tablet elementor-reverse-mobile elementor-section-boxed elementor-section-height-default elementor-section-height-default\" data-id=\"63c0f077\" data-element_type=\"section\" data-settings=\"{&quot;stretch_section&quot;:&quot;section-stretched&quot;,&quot;background_background&quot;:&quot;classic&quot;}\">\n\t\t\t\t\t\t<div class=\"elementor-container elementor-column-gap-default\">\n\t\t\t\t\t<div class=\"elementor-column elementor-col-50 elementor-top-column elementor-element elementor-element-349dc984\" data-id=\"349dc984\" data-element_type=\"column\">\n\t\t\t<div class=\"elementor-widget-wrap elementor-element-populated\">\n\t\t\t\t\t\t<div class=\"elementor-element elementor-element-17a7cdb8 elementor-widget elementor-widget-image\" data-id=\"17a7cdb8\" data-element_type=\"widget\" data-widget_type=\"image.default\">\n\t\t\t\t<div class=\"elementor-widget-container\">\n\t\t\t\t\t\t\t\t\t\t\t\t\t\t\t<img fetchpriority=\"high\" decoding=\"async\" width=\"577\" height=\"1024\" src=\"https:\/\/hotelmrpresident.com\/wp-content\/uploads\/2024\/02\/PRESIDENT-221-577x1024.jpg\" class=\"attachment-large size-large wp-image-8414\" alt=\"\" srcset=\"https:\/\/hotelmrpresident.com\/wp-content\/uploads\/2024\/02\/PRESIDENT-221-577x1024.jpg 577w, https:\/\/hotelmrpresident.com\/wp-content\/uploads\/2024\/02\/PRESIDENT-221-169x300.jpg 169w, https:\/\/hotelmrpresident.com\/wp-content\/uploads\/2024\/02\/PRESIDENT-221-768x1364.jpg 768w, https:\/\/hotelmrpresident.com\/wp-content\/uploads\/2024\/02\/PRESIDENT-221-865x1536.jpg 865w, https:\/\/hotelmrpresident.com\/wp-content\/uploads\/2024\/02\/PRESIDENT-221-1153x2048.jpg 1153w, https:\/\/hotelmrpresident.com\/wp-content\/uploads\/2024\/02\/PRESIDENT-221-7x12.jpg 7w, https:\/\/hotelmrpresident.com\/wp-content\/uploads\/2024\/02\/PRESIDENT-221-600x1066.jpg 600w, https:\/\/hotelmrpresident.com\/wp-content\/uploads\/2024\/02\/PRESIDENT-221-scaled.jpg 1441w\" sizes=\"(max-width: 577px) 100vw, 577px\" \/>\t\t\t\t\t\t\t\t\t\t\t\t\t\t\t<\/div>\n\t\t\t\t<\/div>\n\t\t\t\t<div class=\"elementor-element elementor-element-34955125 elementor-widget elementor-widget-image\" data-id=\"34955125\" data-element_type=\"widget\" data-widget_type=\"image.default\">\n\t\t\t\t<div class=\"elementor-widget-container\">\n\t\t\t\t\t\t\t\t\t\t\t\t\t\t\t<img decoding=\"async\" width=\"2560\" height=\"1440\" src=\"https:\/\/hotelmrpresident.com\/wp-content\/uploads\/2024\/02\/PENTHOUSE-1-scaled.jpg\" class=\"attachment-full size-full wp-image-8421\" alt=\"\" srcset=\"https:\/\/hotelmrpresident.com\/wp-content\/uploads\/2024\/02\/PENTHOUSE-1-scaled.jpg 2560w, https:\/\/hotelmrpresident.com\/wp-content\/uploads\/2024\/02\/PENTHOUSE-1-300x169.jpg 300w, https:\/\/hotelmrpresident.com\/wp-content\/uploads\/2024\/02\/PENTHOUSE-1-1024x576.jpg 1024w, https:\/\/hotelmrpresident.com\/wp-content\/uploads\/2024\/02\/PENTHOUSE-1-768x432.jpg 768w, https:\/\/hotelmrpresident.com\/wp-content\/uploads\/2024\/02\/PENTHOUSE-1-1536x864.jpg 1536w, https:\/\/hotelmrpresident.com\/wp-content\/uploads\/2024\/02\/PENTHOUSE-1-2048x1152.jpg 2048w, https:\/\/hotelmrpresident.com\/wp-content\/uploads\/2024\/02\/PENTHOUSE-1-18x10.jpg 18w, https:\/\/hotelmrpresident.com\/wp-content\/uploads\/2024\/02\/PENTHOUSE-1-600x338.jpg 600w\" sizes=\"(max-width: 2560px) 100vw, 2560px\" \/>\t\t\t\t\t\t\t\t\t\t\t\t\t\t\t<\/div>\n\t\t\t\t<\/div>\n\t\t\t\t\t<\/div>\n\t\t<\/div>\n\t\t\t\t<div class=\"elementor-column elementor-col-50 elementor-top-column elementor-element elementor-element-7276d683\" data-id=\"7276d683\" data-element_type=\"column\">\n\t\t\t<div class=\"elementor-widget-wrap elementor-element-populated\">\n\t\t\t\t\t\t<div class=\"elementor-element elementor-element-3f8e7824 elementor-widget elementor-widget-heading\" data-id=\"3f8e7824\" data-element_type=\"widget\" data-widget_type=\"heading.default\">\n\t\t\t\t<div class=\"elementor-widget-container\">\n\t\t\t\t\t<h1 class=\"elementor-heading-title elementor-size-default\">Design Hotel Mr President<\/h1>\t\t\t\t<\/div>\n\t\t\t\t<\/div>\n\t\t\t\t<div class=\"elementor-element elementor-element-519bd3e3 elementor-widget elementor-widget-heading\" data-id=\"519bd3e3\" data-element_type=\"widget\" data-widget_type=\"heading.default\">\n\t\t\t\t<div class=\"elementor-widget-container\">\n\t\t\t\t\t<p class=\"elementor-heading-title elementor-size-default\">Design hotel Mr. President is located in the heart of Belgrade, opposite the Main Railway Station. It offers an \u00e0-la-carte restaurant, free Wi-Fi and superior service. Each room is decorated with a portrait of one of the world's famous presidents.\nAll air-conditioned rooms feature a TV with satellite channels and a private bathroom with a shower, bathrobe and slippers. A safe is a standard feature in all room categories.\n\nThe best Serbian artists made 2 small versions of the Mount Rushmore monument, one American and one Serbian, which decorate the interior of the Rushmore bar. Selected works of art are displayed throughout the hotel, including steel and ceramic paintings and sculptures.<\/p>\t\t\t\t<\/div>\n\t\t\t\t<\/div>\n\t\t\t\t\t<\/div>\n\t\t<\/div>\n\t\t\t\t\t<\/div>\n\t\t<\/section>\n\t\t\t\t<section class=\"elementor-section elementor-top-section elementor-element elementor-element-438d55f0 elementor-section-stretched elementor-section-boxed elementor-section-height-default elementor-section-height-default\" data-id=\"438d55f0\" data-element_type=\"section\" data-settings=\"{&quot;stretch_section&quot;:&quot;section-stretched&quot;,&quot;background_background&quot;:&quot;classic&quot;}\">\n\t\t\t\t\t\t<div class=\"elementor-container elementor-column-gap-default\">\n\t\t\t\t\t<div class=\"elementor-column elementor-col-100 elementor-top-column elementor-element elementor-element-14c28e08\" data-id=\"14c28e08\" data-element_type=\"column\">\n\t\t\t<div class=\"elementor-widget-wrap elementor-element-populated\">\n\t\t\t\t\t\t<div class=\"elementor-element elementor-element-39078339 elementor-widget elementor-widget-heading\" data-id=\"39078339\" data-element_type=\"widget\" data-widget_type=\"heading.default\">\n\t\t\t\t<div class=\"elementor-widget-container\">\n\t\t\t\t\t<h1 class=\"elementor-heading-title elementor-size-default\">Hotel Mr. President<\/h1>\t\t\t\t<\/div>\n\t\t\t\t<\/div>\n\t\t\t\t<section class=\"elementor-section elementor-inner-section elementor-element elementor-element-79a7879 elementor-section-boxed elementor-section-height-default elementor-section-height-default\" data-id=\"79a7879\" data-element_type=\"section\">\n\t\t\t\t\t\t<div class=\"elementor-container elementor-column-gap-default\">\n\t\t\t\t\t<div class=\"elementor-column elementor-col-25 elementor-inner-column elementor-element elementor-element-5af4aa0d\" data-id=\"5af4aa0d\" data-element_type=\"column\">\n\t\t\t<div class=\"elementor-widget-wrap elementor-element-populated\">\n\t\t\t\t\t\t<div class=\"elementor-element elementor-element-78edf8a9 elementor-widget elementor-widget-image\" data-id=\"78edf8a9\" data-element_type=\"widget\" data-widget_type=\"image.default\">\n\t\t\t\t<div class=\"elementor-widget-container\">\n\t\t\t\t\t\t\t\t\t\t\t\t\t\t\t<img decoding=\"async\" width=\"150\" height=\"150\" src=\"https:\/\/hotelmrpresident.com\/wp-content\/uploads\/2022\/05\/icon1.png\" class=\"attachment-full size-full wp-image-7085\" alt=\"\" srcset=\"https:\/\/hotelmrpresident.com\/wp-content\/uploads\/2022\/05\/icon1.png 150w, https:\/\/hotelmrpresident.com\/wp-content\/uploads\/2022\/05\/icon1-100x100.png 100w\" sizes=\"(max-width: 150px) 100vw, 150px\" \/>\t\t\t\t\t\t\t\t\t\t\t\t\t\t\t<\/div>\n\t\t\t\t<\/div>\n\t\t\t\t\t<\/div>\n\t\t<\/div>\n\t\t\t\t<div class=\"elementor-column elementor-col-25 elementor-inner-column elementor-element elementor-element-1c138576\" data-id=\"1c138576\" data-element_type=\"column\">\n\t\t\t<div class=\"elementor-widget-wrap elementor-element-populated\">\n\t\t\t\t\t\t<div class=\"elementor-element elementor-element-72ff9288 elementor-widget elementor-widget-image\" data-id=\"72ff9288\" data-element_type=\"widget\" data-widget_type=\"image.default\">\n\t\t\t\t<div class=\"elementor-widget-container\">\n\t\t\t\t\t\t\t\t\t\t\t\t\t\t\t<img loading=\"lazy\" decoding=\"async\" width=\"150\" height=\"150\" src=\"https:\/\/hotelmrpresident.com\/wp-content\/uploads\/2022\/05\/icon3.png\" class=\"attachment-large size-large wp-image-7087\" alt=\"\" srcset=\"https:\/\/hotelmrpresident.com\/wp-content\/uploads\/2022\/05\/icon3.png 150w, https:\/\/hotelmrpresident.com\/wp-content\/uploads\/2022\/05\/icon3-100x100.png 100w\" sizes=\"(max-width: 150px) 100vw, 150px\" \/>\t\t\t\t\t\t\t\t\t\t\t\t\t\t\t<\/div>\n\t\t\t\t<\/div>\n\t\t\t\t\t<\/div>\n\t\t<\/div>\n\t\t\t\t<div class=\"elementor-column elementor-col-25 elementor-inner-column elementor-element elementor-element-4d24f261\" data-id=\"4d24f261\" data-element_type=\"column\">\n\t\t\t<div class=\"elementor-widget-wrap elementor-element-populated\">\n\t\t\t\t\t\t<div class=\"elementor-element elementor-element-500c363b elementor-widget elementor-widget-image\" data-id=\"500c363b\" data-element_type=\"widget\" data-widget_type=\"image.default\">\n\t\t\t\t<div class=\"elementor-widget-container\">\n\t\t\t\t\t\t\t\t\t\t\t\t\t\t\t<img loading=\"lazy\" decoding=\"async\" width=\"150\" height=\"150\" src=\"https:\/\/hotelmrpresident.com\/wp-content\/uploads\/2022\/05\/icon2.png\" class=\"attachment-large size-large wp-image-7086\" alt=\"\" srcset=\"https:\/\/hotelmrpresident.com\/wp-content\/uploads\/2022\/05\/icon2.png 150w, https:\/\/hotelmrpresident.com\/wp-content\/uploads\/2022\/05\/icon2-100x100.png 100w\" sizes=\"(max-width: 150px) 100vw, 150px\" \/>\t\t\t\t\t\t\t\t\t\t\t\t\t\t\t<\/div>\n\t\t\t\t<\/div>\n\t\t\t\t\t<\/div>\n\t\t<\/div>\n\t\t\t\t<div class=\"elementor-column elementor-col-25 elementor-inner-column elementor-element elementor-element-391d0f96\" data-id=\"391d0f96\" data-element_type=\"column\">\n\t\t\t<div class=\"elementor-widget-wrap elementor-element-populated\">\n\t\t\t\t\t\t<div class=\"elementor-element elementor-element-5b4c714 elementor-widget elementor-widget-image\" data-id=\"5b4c714\" data-element_type=\"widget\" data-widget_type=\"image.default\">\n\t\t\t\t<div class=\"elementor-widget-container\">\n\t\t\t\t\t\t\t\t\t\t\t\t\t\t\t<img loading=\"lazy\" decoding=\"async\" width=\"150\" height=\"150\" src=\"https:\/\/hotelmrpresident.com\/wp-content\/uploads\/2022\/05\/icon4.png\" class=\"attachment-large size-large wp-image-7088\" alt=\"\" srcset=\"https:\/\/hotelmrpresident.com\/wp-content\/uploads\/2022\/05\/icon4.png 150w, https:\/\/hotelmrpresident.com\/wp-content\/uploads\/2022\/05\/icon4-100x100.png 100w\" sizes=\"(max-width: 150px) 100vw, 150px\" \/>\t\t\t\t\t\t\t\t\t\t\t\t\t\t\t<\/div>\n\t\t\t\t<\/div>\n\t\t\t\t\t<\/div>\n\t\t<\/div>\n\t\t\t\t\t<\/div>\n\t\t<\/section>\n\t\t\t\t<section class=\"elementor-section elementor-inner-section elementor-element elementor-element-5876f7ac elementor-section-content-middle elementor-section-boxed elementor-section-height-default elementor-section-height-default\" data-id=\"5876f7ac\" data-element_type=\"section\">\n\t\t\t\t\t\t<div class=\"elementor-container elementor-column-gap-default\">\n\t\t\t\t\t<div class=\"elementor-column elementor-col-33 elementor-inner-column elementor-element elementor-element-71bd4269 elementor-invisible\" data-id=\"71bd4269\" data-element_type=\"column\" data-settings=\"{&quot;background_background&quot;:&quot;classic&quot;,&quot;animation&quot;:&quot;fadeIn&quot;,&quot;animation_delay&quot;:&quot;250&quot;}\">\n\t\t\t<div class=\"elementor-widget-wrap elementor-element-populated\">\n\t\t\t\t\t<div class=\"elementor-background-overlay\"><\/div>\n\t\t\t\t\t\t<div class=\"elementor-element elementor-element-5ffc7d3a elementor-widget elementor-widget-heading\" data-id=\"5ffc7d3a\" data-element_type=\"widget\" data-widget_type=\"heading.default\">\n\t\t\t\t<div class=\"elementor-widget-container\">\n\t\t\t\t\t<h2 class=\"elementor-heading-title elementor-size-default\">Rooms<\/h2>\t\t\t\t<\/div>\n\t\t\t\t<\/div>\n\t\t\t\t\t<\/div>\n\t\t<\/div>\n\t\t\t\t<div class=\"elementor-column elementor-col-33 elementor-inner-column elementor-element elementor-element-67b7d22e elementor-invisible\" data-id=\"67b7d22e\" data-element_type=\"column\" data-settings=\"{&quot;background_background&quot;:&quot;classic&quot;,&quot;animation&quot;:&quot;fadeIn&quot;,&quot;animation_delay&quot;:&quot;250&quot;}\">\n\t\t\t<div class=\"elementor-widget-wrap elementor-element-populated\">\n\t\t\t\t\t<div class=\"elementor-background-overlay\"><\/div>\n\t\t\t\t\t\t<div class=\"elementor-element elementor-element-6c2d5fbe elementor-widget elementor-widget-heading\" data-id=\"6c2d5fbe\" data-element_type=\"widget\" data-widget_type=\"heading.default\">\n\t\t\t\t<div class=\"elementor-widget-container\">\n\t\t\t\t\t<h2 class=\"elementor-heading-title elementor-size-default\">Cafe<\/h2>\t\t\t\t<\/div>\n\t\t\t\t<\/div>\n\t\t\t\t\t<\/div>\n\t\t<\/div>\n\t\t\t\t<div class=\"elementor-column elementor-col-33 elementor-inner-column elementor-element elementor-element-71e27986 elementor-invisible\" data-id=\"71e27986\" data-element_type=\"column\" data-settings=\"{&quot;background_background&quot;:&quot;classic&quot;,&quot;animation&quot;:&quot;fadeIn&quot;,&quot;animation_delay&quot;:&quot;500&quot;}\">\n\t\t\t<div class=\"elementor-widget-wrap elementor-element-populated\">\n\t\t\t\t\t<div class=\"elementor-background-overlay\"><\/div>\n\t\t\t\t\t\t<div class=\"elementor-element elementor-element-571758d2 elementor-widget elementor-widget-heading\" data-id=\"571758d2\" data-element_type=\"widget\" data-widget_type=\"heading.default\">\n\t\t\t\t<div class=\"elementor-widget-container\">\n\t\t\t\t\t<h2 class=\"elementor-heading-title elementor-size-default\">Restaurant<\/h2>\t\t\t\t<\/div>\n\t\t\t\t<\/div>\n\t\t\t\t\t<\/div>\n\t\t<\/div>\n\t\t\t\t\t<\/div>\n\t\t<\/section>\n\t\t\t\t\t<\/div>\n\t\t<\/div>\n\t\t\t\t\t<\/div>\n\t\t<\/section>\n\t\t\t\t<\/div>","protected":false},"excerpt":{"rendered":"<p>O nama Design Hotel Mr President Dizajn hotel Mr. President nalazi se u srcu Beograda, preko puta Glavne \u017eelezni\u010dke stanice. Nudi \u00e0-la-carte restoran, besplatan be\u017ei\u010dni internet i vrhunsku uslugu. Svaka soba je ukra\u0161ena portretom nekog od svetski poznatih predsednika. Sve klimatizovane sobe sadr\u017ee TV sa satelitskim kanalima i sopstveno kupatilo sa tu\u0161 kabinom, bade-mantilom i [&hellip;]<\/p>","protected":false},"author":1,"featured_media":0,"parent":0,"menu_order":0,"comment_status":"closed","ping_status":"closed","template":"","meta":{"footnotes":""},"class_list":["post-1717","page","type-page","status-publish","hentry"],"_links":{"self":[{"href":"https:\/\/hotelmrpresident.com\/en\/wp-json\/wp\/v2\/pages\/1717","targetHints":{"allow":["GET"]}}],"collection":[{"href":"https:\/\/hotelmrpresident.com\/en\/wp-json\/wp\/v2\/pages"}],"about":[{"href":"https:\/\/hotelmrpresident.com\/en\/wp-json\/wp\/v2\/types\/page"}],"author":[{"embeddable":true,"href":"https:\/\/hotelmrpresident.com\/en\/wp-json\/wp\/v2\/users\/1"}],"replies":[{"embeddable":true,"href":"https:\/\/hotelmrpresident.com\/en\/wp-json\/wp\/v2\/comments?post=1717"}],"version-history":[{"count":53,"href":"https:\/\/hotelmrpresident.com\/en\/wp-json\/wp\/v2\/pages\/1717\/revisions"}],"predecessor-version":[{"id":8638,"href":"https:\/\/hotelmrpresident.com\/en\/wp-json\/wp\/v2\/pages\/1717\/revisions\/8638"}],"wp:attachment":[{"href":"https:\/\/hotelmrpresident.com\/en\/wp-json\/wp\/v2\/media?parent=1717"}],"curies":[{"name":"wp","href":"https:\/\/api.w.org\/{rel}","templated":true}]}}